{"id":3528,"date":"2023-02-02T12:29:13","date_gmt":"2023-02-02T12:29:13","guid":{"rendered":"https:\/\/caverta.themevolis.com\/cafe\/?page_id=3528"},"modified":"2024-01-04T10:14:39","modified_gmt":"2024-01-04T10:14:39","slug":"menu","status":"publish","type":"page","link":"https:\/\/caverta.matchthemes.com\/steakhouse\/menu\/","title":{"rendered":"Menu"},"content":{"rendered":"\t\t<div data-elementor-type=\"wp-page\" data-elementor-id=\"3528\" class=\"elementor elementor-3528\">\n\t\t\t\t\t\t<section class=\"elementor-section elementor-top-section elementor-element elementor-element-225f135 elementor-section-content-middle elementor-section-boxed elementor-section-height-default elementor-section-height-default\" data-id=\"225f135\" data-element_type=\"section\" data-e-type=\"section\">\n\t\t\t\t\t\t<div class=\"elementor-container elementor-column-gap-default\">\n\t\t\t\t\t<div class=\"elementor-column elementor-col-50 elementor-top-column elementor-element elementor-element-1733b1e7\" data-id=\"1733b1e7\" data-element_type=\"column\" data-e-type=\"column\">\n\t\t\t<div class=\"elementor-widget-wrap elementor-element-populated\">\n\t\t\t\t\t\t<div class=\"elementor-element elementor-element-55aefe32 elementor-widget elementor-widget-heading\" data-id=\"55aefe32\" data-element_type=\"widget\" data-e-type=\"widget\" data-widget_type=\"heading.default\">\n\t\t\t\t<div class=\"elementor-widget-container\">\n\t\t\t\t\t<div class=\"elementor-heading-title elementor-size-default\">FROM GRILL TO TABLE<\/div>\t\t\t\t<\/div>\n\t\t\t\t<\/div>\n\t\t\t\t<div class=\"elementor-element elementor-element-63192d2a elementor-widget elementor-widget-heading\" data-id=\"63192d2a\" data-element_type=\"widget\" data-e-type=\"widget\" data-widget_type=\"heading.default\">\n\t\t\t\t<div class=\"elementor-widget-container\">\n\t\t\t\t\t<h1 class=\"elementor-heading-title elementor-size-default\">Our Menu<\/h1>\t\t\t\t<\/div>\n\t\t\t\t<\/div>\n\t\t\t\t\t<\/div>\n\t\t<\/div>\n\t\t\t\t<div class=\"elementor-column elementor-col-50 elementor-top-column elementor-element elementor-element-7e4e7ec9\" data-id=\"7e4e7ec9\" data-element_type=\"column\" data-e-type=\"column\">\n\t\t\t<div class=\"elementor-widget-wrap elementor-element-populated\">\n\t\t\t\t\t\t<div class=\"elementor-element elementor-element-47b47579 elementor-widget elementor-widget-image\" data-id=\"47b47579\" data-element_type=\"widget\" data-e-type=\"widget\" data-widget_type=\"image.default\">\n\t\t\t\t<div class=\"elementor-widget-container\">\n\t\t\t\t\t\t\t\t\t\t\t\t\t\t\t<img fetchpriority=\"high\" decoding=\"async\" width=\"800\" height=\"800\" src=\"https:\/\/caverta.matchthemes.com\/steakhouse\/wp-content\/uploads\/sites\/3\/2023\/02\/steak-top2.jpg\" class=\"attachment-large size-large wp-image-3885\" alt=\"\" \/>\t\t\t\t\t\t\t\t\t\t\t\t\t\t\t<\/div>\n\t\t\t\t<\/div>\n\t\t\t\t\t<\/div>\n\t\t<\/div>\n\t\t\t\t\t<\/div>\n\t\t<\/section>\n\t\t\t\t<section class=\"elementor-section elementor-top-section elementor-element elementor-element-209efb59 elementor-section-content-middle elementor-section-boxed elementor-section-height-default elementor-section-height-default\" data-id=\"209efb59\" data-element_type=\"section\" data-e-type=\"section\">\n\t\t\t\t\t\t<div class=\"elementor-container elementor-column-gap-default\">\n\t\t\t\t\t<div class=\"elementor-column elementor-col-100 elementor-top-column elementor-element elementor-element-6567e3a\" data-id=\"6567e3a\" data-element_type=\"column\" data-e-type=\"column\">\n\t\t\t<div class=\"elementor-widget-wrap elementor-element-populated\">\n\t\t\t\t\t\t<div class=\"elementor-element elementor-element-6cfb434 elementor-widget elementor-widget-heading\" data-id=\"6cfb434\" data-element_type=\"widget\" data-e-type=\"widget\" data-widget_type=\"heading.default\">\n\t\t\t\t<div class=\"elementor-widget-container\">\n\t\t\t\t\t<h2 class=\"elementor-heading-title elementor-size-default\">Starters<\/h2>\t\t\t\t<\/div>\n\t\t\t\t<\/div>\n\t\t\t\t<div class=\"elementor-element elementor-element-e11f747 elementor-widget elementor-widget-text-editor\" data-id=\"e11f747\" data-element_type=\"widget\" data-e-type=\"widget\" data-widget_type=\"text-editor.default\">\n\t\t\t\t<div class=\"elementor-widget-container\">\n\t\t\t\t\t\t\t\t\t<ul class=\"food-menu menu-2cols\"><li><h4><span class=\"menu-title\">Tomato Bruschetta<\/span><span class=\"menu-price\">$4<\/span><\/h4><div class=\"menu-text\">Tomatoes, Olive Oil, Cheese<\/div><\/li><li><h4><span class=\"menu-title\">Avocado &amp; Mango Salsa<\/span><span class=\"menu-price\">$5<\/span><\/h4><div class=\"menu-text\">Avocado, Mango, Tomatoes<\/div><\/li><li><h4><span class=\"menu-title\">Marinated Grilled Shrimp<\/span><span class=\"menu-price\">$7<\/span><\/h4><div class=\"menu-text\">Fresh Shrimp, Oive Oil, Tomato Sauce<\/div><\/li><li><h4><span class=\"menu-title\">Baked Potato Skins<\/span><span class=\"menu-price\">$9<\/span><\/h4><div class=\"menu-text\">Potatoes, Oil, Garlic<\/div><\/li><li><h4><span class=\"menu-title\">Maitake Mushroom<\/span><span class=\"menu-price\">$10<\/span><\/h4><div class=\"menu-text\">Whipped Miso, Yaki Sauce, Sesame<\/div><\/li><li><h4><span class=\"menu-title\">Lobster Picante<\/span><span class=\"menu-price\">$12<\/span><\/h4><div class=\"menu-text\">Grilled Corn Elote, Queso Cotija, Chili<\/div><\/li><li><h4><span class=\"menu-title\">Jambon Iberico<\/span><span class=\"menu-price\">$10<\/span><\/h4><div class=\"menu-text\">Smoked Tomato Aioli, Idizabal Cheese, Spiced Pine Nuts<\/div><\/li><li><h4><span class=\"menu-title\">Garlic Baked Cheese<\/span><span class=\"menu-price\">$12<\/span><\/h4><div class=\"menu-text\">Finnish Squeaky Cheese, Eggplant Conserva, Black Pepper<\/div><\/li><\/ul>\t\t\t\t\t\t\t\t<\/div>\n\t\t\t\t<\/div>\n\t\t\t\t\t<\/div>\n\t\t<\/div>\n\t\t\t\t\t<\/div>\n\t\t<\/section>\n\t\t\t\t<section class=\"elementor-section elementor-top-section elementor-element elementor-element-8fb9dbe elementor-section-boxed elementor-section-height-default elementor-section-height-default\" data-id=\"8fb9dbe\" data-element_type=\"section\" data-e-type=\"section\" data-settings=\"{&quot;background_background&quot;:&quot;classic&quot;}\">\n\t\t\t\t\t\t<div class=\"elementor-container elementor-column-gap-default\">\n\t\t\t\t\t<div class=\"elementor-column elementor-col-100 elementor-top-column elementor-element elementor-element-757600f\" data-id=\"757600f\" data-element_type=\"column\" data-e-type=\"column\">\n\t\t\t<div class=\"elementor-widget-wrap\">\n\t\t\t\t\t\t\t<\/div>\n\t\t<\/div>\n\t\t\t\t\t<\/div>\n\t\t<\/section>\n\t\t\t\t<section class=\"elementor-section elementor-top-section elementor-element elementor-element-4944b9a elementor-section-content-middle elementor-section-boxed elementor-section-height-default elementor-section-height-default\" data-id=\"4944b9a\" data-element_type=\"section\" data-e-type=\"section\">\n\t\t\t\t\t\t<div class=\"elementor-container elementor-column-gap-default\">\n\t\t\t\t\t<div class=\"elementor-column elementor-col-100 elementor-top-column elementor-element elementor-element-7671099\" data-id=\"7671099\" data-element_type=\"column\" data-e-type=\"column\">\n\t\t\t<div class=\"elementor-widget-wrap elementor-element-populated\">\n\t\t\t\t\t\t<div class=\"elementor-element elementor-element-fe6dcb0 elementor-widget elementor-widget-heading\" data-id=\"fe6dcb0\" data-element_type=\"widget\" data-e-type=\"widget\" data-widget_type=\"heading.default\">\n\t\t\t\t<div class=\"elementor-widget-container\">\n\t\t\t\t\t<h2 class=\"elementor-heading-title elementor-size-default\">Mains<\/h2>\t\t\t\t<\/div>\n\t\t\t\t<\/div>\n\t\t\t\t<section class=\"elementor-section elementor-inner-section elementor-element elementor-element-05fb723 elementor-section-boxed elementor-section-height-default elementor-section-height-default\" data-id=\"05fb723\" data-element_type=\"section\" data-e-type=\"section\">\n\t\t\t\t\t\t<div class=\"elementor-container elementor-column-gap-no\">\n\t\t\t\t\t<div class=\"elementor-column elementor-col-50 elementor-inner-column elementor-element elementor-element-6882268\" data-id=\"6882268\" data-element_type=\"column\" data-e-type=\"column\">\n\t\t\t<div class=\"elementor-widget-wrap elementor-element-populated\">\n\t\t\t\t\t\t<div class=\"elementor-element elementor-element-bf27749 elementor-widget elementor-widget-heading\" data-id=\"bf27749\" data-element_type=\"widget\" data-e-type=\"widget\" data-widget_type=\"heading.default\">\n\t\t\t\t<div class=\"elementor-widget-container\">\n\t\t\t\t\t<h4 class=\"elementor-heading-title elementor-size-default\">Steaks &amp; Chops<\/h4>\t\t\t\t<\/div>\n\t\t\t\t<\/div>\n\t\t\t\t<div class=\"elementor-element elementor-element-5932bfb elementor-widget elementor-widget-text-editor\" data-id=\"5932bfb\" data-element_type=\"widget\" data-e-type=\"widget\" data-widget_type=\"text-editor.default\">\n\t\t\t\t<div class=\"elementor-widget-container\">\n\t\t\t\t\t\t\t\t\t<ul class=\"food-menu menu-1cols\"><li><h4><span class=\"menu-title\">Prime Rib of Beef<\/span><span class=\"menu-price\">$72<\/span><\/h4><\/li><li><h4><span class=\"menu-title\">Prime New York Sirloin<\/span><span class=\"menu-price\">$63<\/span><\/h4><\/li><li><h4>Two Double Lamb Chops<span class=\"menu-price\">$58<\/span><\/h4><\/li><li><h4>Roasted Buttermilk Chicken<span class=\"menu-price\">$34<\/span><\/h4><\/li><li><h4>Chateaubriand Steak for Two<span class=\"menu-price\">$125<\/span><\/h4><\/li><li><h4>Prime Filet Mignon<span class=\"menu-price\">$65<\/span><\/h4><\/li><\/ul>\t\t\t\t\t\t\t\t<\/div>\n\t\t\t\t<\/div>\n\t\t\t\t\t<\/div>\n\t\t<\/div>\n\t\t\t\t<div class=\"elementor-column elementor-col-50 elementor-inner-column elementor-element elementor-element-cf9c962\" data-id=\"cf9c962\" data-element_type=\"column\" data-e-type=\"column\">\n\t\t\t<div class=\"elementor-widget-wrap elementor-element-populated\">\n\t\t\t\t\t\t<div class=\"elementor-element elementor-element-0fce6a5 elementor-widget elementor-widget-heading\" data-id=\"0fce6a5\" data-element_type=\"widget\" data-e-type=\"widget\" data-widget_type=\"heading.default\">\n\t\t\t\t<div class=\"elementor-widget-container\">\n\t\t\t\t\t<h4 class=\"elementor-heading-title elementor-size-default\">Sides<\/h4>\t\t\t\t<\/div>\n\t\t\t\t<\/div>\n\t\t\t\t<div class=\"elementor-element elementor-element-9da8067 elementor-widget elementor-widget-text-editor\" data-id=\"9da8067\" data-element_type=\"widget\" data-e-type=\"widget\" data-widget_type=\"text-editor.default\">\n\t\t\t\t<div class=\"elementor-widget-container\">\n\t\t\t\t\t\t\t\t\t<ul class=\"food-menu menu-1cols\"><li><h4>Hand-Cut French Fries<span class=\"menu-price\">$15<\/span><\/h4><\/li><li><h4>Roasted Market Vegetables<span class=\"menu-price\">$18<\/span><\/h4><\/li><li><h4>Carrots with Brown Butter<span class=\"menu-price\">$15<\/span><\/h4><\/li><li><h4>Sauteed Field Mushrooms<span class=\"menu-price\">$17<\/span><\/h4><\/li><li><h4><span class=\"menu-title\">Boiled Baby Potatoes<\/span><span class=\"menu-price\">$15<\/span><\/h4><\/li><li><h4>Steamed Asparagus<span class=\"menu-price\">$17<\/span><\/h4><\/li><\/ul>\t\t\t\t\t\t\t\t<\/div>\n\t\t\t\t<\/div>\n\t\t\t\t\t<\/div>\n\t\t<\/div>\n\t\t\t\t\t<\/div>\n\t\t<\/section>\n\t\t\t\t\t<\/div>\n\t\t<\/div>\n\t\t\t\t\t<\/div>\n\t\t<\/section>\n\t\t\t\t<section class=\"elementor-section elementor-top-section elementor-element elementor-element-2b05352 elementor-section-boxed elementor-section-height-default elementor-section-height-default\" data-id=\"2b05352\" data-element_type=\"section\" data-e-type=\"section\" data-settings=\"{&quot;background_background&quot;:&quot;classic&quot;}\">\n\t\t\t\t\t\t<div class=\"elementor-container elementor-column-gap-default\">\n\t\t\t\t\t<div class=\"elementor-column elementor-col-100 elementor-top-column elementor-element elementor-element-8f406c2\" data-id=\"8f406c2\" data-element_type=\"column\" data-e-type=\"column\">\n\t\t\t<div class=\"elementor-widget-wrap\">\n\t\t\t\t\t\t\t<\/div>\n\t\t<\/div>\n\t\t\t\t\t<\/div>\n\t\t<\/section>\n\t\t\t\t<section class=\"elementor-section elementor-top-section elementor-element elementor-element-44eba32 elementor-section-content-middle elementor-section-boxed elementor-section-height-default elementor-section-height-default\" data-id=\"44eba32\" data-element_type=\"section\" data-e-type=\"section\">\n\t\t\t\t\t\t<div class=\"elementor-container elementor-column-gap-default\">\n\t\t\t\t\t<div class=\"elementor-column elementor-col-100 elementor-top-column elementor-element elementor-element-ad85b43\" data-id=\"ad85b43\" data-element_type=\"column\" data-e-type=\"column\">\n\t\t\t<div class=\"elementor-widget-wrap elementor-element-populated\">\n\t\t\t\t\t\t<div class=\"elementor-element elementor-element-ef13e5d elementor-widget elementor-widget-heading\" data-id=\"ef13e5d\" data-element_type=\"widget\" data-e-type=\"widget\" data-widget_type=\"heading.default\">\n\t\t\t\t<div class=\"elementor-widget-container\">\n\t\t\t\t\t<h2 class=\"elementor-heading-title elementor-size-default\">Desserts<\/h2>\t\t\t\t<\/div>\n\t\t\t\t<\/div>\n\t\t\t\t<div class=\"elementor-element elementor-element-423030e elementor-widget elementor-widget-text-editor\" data-id=\"423030e\" data-element_type=\"widget\" data-e-type=\"widget\" data-widget_type=\"text-editor.default\">\n\t\t\t\t<div class=\"elementor-widget-container\">\n\t\t\t\t\t\t\t\t\t<ul class=\"food-menu menu-2cols\"><li><h4>Key Lime Pie<span class=\"menu-price\">$14<\/span><\/h4><\/li><li><h4>Cr\u00e8me Br\u00fbl\u00e9e<span class=\"menu-price\">$14<\/span><\/h4><\/li><li><h4><span class=\"menu-title\">Cheesecake<\/span><span class=\"menu-price\">$14<\/span><\/h4><\/li><li><h4>Chocolate Cake<span class=\"menu-price\">$14<\/span><\/h4><\/li><li><h4><span class=\"menu-title\">Carrot Cake<\/span><span class=\"menu-price\">$14<\/span><\/h4><\/li><li><h4>Dark Chocolate Mousse<span class=\"menu-price\">$14<\/span><\/h4><\/li><li><h4><span class=\"menu-title\">Fresh Blue and Red Berries<\/span><span class=\"menu-price\">$14<\/span><\/h4><\/li><li><h4><span class=\"menu-title\">Ice Cream<\/span><span class=\"menu-price\">$14<\/span><\/h4><\/li><\/ul>\t\t\t\t\t\t\t\t<\/div>\n\t\t\t\t<\/div>\n\t\t\t\t\t<\/div>\n\t\t<\/div>\n\t\t\t\t\t<\/div>\n\t\t<\/section>\n\t\t\t\t<section class=\"elementor-section elementor-top-section elementor-element elementor-element-17dc131 elementor-section-boxed elementor-section-height-default elementor-section-height-default\" data-id=\"17dc131\" data-element_type=\"section\" data-e-type=\"section\" data-settings=\"{&quot;background_background&quot;:&quot;classic&quot;}\">\n\t\t\t\t\t\t<div class=\"elementor-container elementor-column-gap-default\">\n\t\t\t\t\t<div class=\"elementor-column elementor-col-100 elementor-top-column elementor-element elementor-element-ab51a23\" data-id=\"ab51a23\" data-element_type=\"column\" data-e-type=\"column\">\n\t\t\t<div class=\"elementor-widget-wrap\">\n\t\t\t\t\t\t\t<\/div>\n\t\t<\/div>\n\t\t\t\t\t<\/div>\n\t\t<\/section>\n\t\t\t\t<section class=\"elementor-section elementor-top-section elementor-element elementor-element-10a4970 elementor-section-content-middle elementor-section-boxed elementor-section-height-default elementor-section-height-default\" data-id=\"10a4970\" data-element_type=\"section\" data-e-type=\"section\">\n\t\t\t\t\t\t<div class=\"elementor-container elementor-column-gap-default\">\n\t\t\t\t\t<div class=\"elementor-column elementor-col-100 elementor-top-column elementor-element elementor-element-b48a409\" data-id=\"b48a409\" data-element_type=\"column\" data-e-type=\"column\">\n\t\t\t<div class=\"elementor-widget-wrap elementor-element-populated\">\n\t\t\t\t\t\t<div class=\"elementor-element elementor-element-2611130 elementor-widget elementor-widget-heading\" data-id=\"2611130\" data-element_type=\"widget\" data-e-type=\"widget\" data-widget_type=\"heading.default\">\n\t\t\t\t<div class=\"elementor-widget-container\">\n\t\t\t\t\t<h2 class=\"elementor-heading-title elementor-size-default\">Wines<\/h2>\t\t\t\t<\/div>\n\t\t\t\t<\/div>\n\t\t\t\t<div class=\"elementor-element elementor-element-5683985 elementor-widget elementor-widget-heading\" data-id=\"5683985\" data-element_type=\"widget\" data-e-type=\"widget\" data-widget_type=\"heading.default\">\n\t\t\t\t<div class=\"elementor-widget-container\">\n\t\t\t\t\t<p class=\"elementor-heading-title elementor-size-default\">by the glass<\/p>\t\t\t\t<\/div>\n\t\t\t\t<\/div>\n\t\t\t\t<div class=\"elementor-element elementor-element-e18dd9d elementor-widget elementor-widget-text-editor\" data-id=\"e18dd9d\" data-element_type=\"widget\" data-e-type=\"widget\" data-widget_type=\"text-editor.default\">\n\t\t\t\t<div class=\"elementor-widget-container\">\n\t\t\t\t\t\t\t\t\t<ul class=\"food-menu menu-2cols\"><li><h4>Prosecco Veneto<span class=\"menu-price\">$15<\/span><\/h4><\/li><li><h4>Lanson Champagne<span class=\"menu-price\">$15<\/span><\/h4><\/li><li><h4><span class=\"menu-title\">Fini Pinot Grigio Valdadige<\/span><span class=\"menu-price\">$15<\/span><\/h4><\/li><li><h4>Contour Pinot Noir <span class=\"menu-price\">$15<\/span><\/h4><\/li><li><h4><span class=\"menu-title\">Nobel Vines Merlot <\/span><span class=\"menu-price\">$15<\/span><\/h4><\/li><li><h4>Quality Wine Bordeaux <span class=\"menu-price\">$15<\/span><\/h4><\/li><li><h4><span class=\"menu-title\">Sauvignon Blanc Loire <\/span><span class=\"menu-price\">$15<\/span><\/h4><\/li><li><h4><span class=\"menu-title\">Chardonnay Sonoma Coast<\/span><span class=\"menu-price\">$15<\/span><\/h4><\/li><\/ul>\t\t\t\t\t\t\t\t<\/div>\n\t\t\t\t<\/div>\n\t\t\t\t\t<\/div>\n\t\t<\/div>\n\t\t\t\t\t<\/div>\n\t\t<\/section>\n\t\t\t\t<section class=\"elementor-section elementor-top-section elementor-element elementor-element-e4696cc elementor-section-boxed elementor-section-height-default elementor-section-height-default\" data-id=\"e4696cc\" data-element_type=\"section\" data-e-type=\"section\">\n\t\t\t\t\t\t<div class=\"elementor-container elementor-column-gap-default\">\n\t\t\t\t\t<div class=\"elementor-column elementor-col-100 elementor-top-column elementor-element elementor-element-5b55e6d\" data-id=\"5b55e6d\" data-element_type=\"column\" data-e-type=\"column\">\n\t\t\t<div class=\"elementor-widget-wrap elementor-element-populated\">\n\t\t\t\t\t\t<div class=\"elementor-element elementor-element-0faf46d elementor-widget elementor-widget-text-editor\" data-id=\"0faf46d\" data-element_type=\"widget\" data-e-type=\"widget\" data-widget_type=\"text-editor.default\">\n\t\t\t\t<div class=\"elementor-widget-container\">\n\t\t\t\t\t\t\t\t\t<div class=\"smalltitle\">Reservation<\/div>\t\t\t\t\t\t\t\t<\/div>\n\t\t\t\t<\/div>\n\t\t\t\t<div class=\"elementor-element elementor-element-64ebd01 elementor-widget elementor-widget-heading\" data-id=\"64ebd01\" data-element_type=\"widget\" data-e-type=\"widget\" data-widget_type=\"heading.default\">\n\t\t\t\t<div class=\"elementor-widget-container\">\n\t\t\t\t\t<h2 class=\"elementor-heading-title elementor-size-default\">Book a Table<\/h2>\t\t\t\t<\/div>\n\t\t\t\t<\/div>\n\t\t\t\t<div class=\"elementor-element elementor-element-454ad3a elementor-widget elementor-widget-text-editor\" data-id=\"454ad3a\" data-element_type=\"widget\" data-e-type=\"widget\" data-widget_type=\"text-editor.default\">\n\t\t\t\t<div class=\"elementor-widget-container\">\n\t\t\t\t\t\t\t\t\t<p>Explore texture, color and of course the ultimate tastes with our menu of the season. All the ingredients are fresh and carefully selected by our chefs. Enjoy an extraordinary dinning experience.<\/p>\t\t\t\t\t\t\t\t<\/div>\n\t\t\t\t<\/div>\n\t\t\t\t<div class=\"elementor-element elementor-element-7b0027c el-btn elementor-widget elementor-widget-button\" data-id=\"7b0027c\" data-element_type=\"widget\" data-e-type=\"widget\" data-widget_type=\"button.default\">\n\t\t\t\t<div class=\"elementor-widget-container\">\n\t\t\t\t\t\t\t\t\t<div class=\"elementor-button-wrapper\">\n\t\t\t\t\t<a class=\"elementor-button elementor-button-link elementor-size-sm\" href=\"#\">\n\t\t\t\t\t\t<span class=\"elementor-button-content-wrapper\">\n\t\t\t\t\t\t\t\t\t<span class=\"elementor-button-text\">Contact Us<\/span>\n\t\t\t\t\t<\/span>\n\t\t\t\t\t<\/a>\n\t\t\t\t<\/div>\n\t\t\t\t\t\t\t\t<\/div>\n\t\t\t\t<\/div>\n\t\t\t\t\t<\/div>\n\t\t<\/div>\n\t\t\t\t\t<\/div>\n\t\t<\/section>\n\t\t\t\t<\/div>\n\t\t","protected":false},"excerpt":{"rendered":"<p>FROM GRILL TO TABLE Our Menu Starters Tomato Bruschetta$4 Tomatoes, Olive Oil, Cheese Avocado &amp; Mango Salsa$5 Avocado, Mango, Tomatoes Marinated Grilled Shrimp$7 Fresh Shrimp, Oive Oil, Tomato Sauce Baked Potato Skins$9 Potatoes, Oil, Garlic Maitake Mushroom$10 Whipped Miso, Yaki Sauce, Sesame Lobster Picante$12 Grilled Corn Elote, Queso Cotija, Chili Jambon Iberico$10 Smoked Tomato Aioli, Idizabal Cheese, Spiced Pine Nuts&#8230;<\/p>\n","protected":false},"author":1,"featured_media":0,"parent":0,"menu_order":0,"comment_status":"closed","ping_status":"closed","template":"elementor_header_footer","meta":{"_acf_changed":false,"footnotes":""},"class_list":["post-3528","page","type-page","status-publish","hentry"],"acf":[],"_links":{"self":[{"href":"https:\/\/caverta.matchthemes.com\/steakhouse\/wp-json\/wp\/v2\/pages\/3528","targetHints":{"allow":["GET"]}}],"collection":[{"href":"https:\/\/caverta.matchthemes.com\/steakhouse\/wp-json\/wp\/v2\/pages"}],"about":[{"href":"https:\/\/caverta.matchthemes.com\/steakhouse\/wp-json\/wp\/v2\/types\/page"}],"author":[{"embeddable":true,"href":"https:\/\/caverta.matchthemes.com\/steakhouse\/wp-json\/wp\/v2\/users\/1"}],"replies":[{"embeddable":true,"href":"https:\/\/caverta.matchthemes.com\/steakhouse\/wp-json\/wp\/v2\/comments?post=3528"}],"version-history":[{"count":1,"href":"https:\/\/caverta.matchthemes.com\/steakhouse\/wp-json\/wp\/v2\/pages\/3528\/revisions"}],"predecessor-version":[{"id":4206,"href":"https:\/\/caverta.matchthemes.com\/steakhouse\/wp-json\/wp\/v2\/pages\/3528\/revisions\/4206"}],"wp:attachment":[{"href":"https:\/\/caverta.matchthemes.com\/steakhouse\/wp-json\/wp\/v2\/media?parent=3528"}],"curies":[{"name":"wp","href":"https:\/\/api.w.org\/{rel}","templated":true}]}}